{"id":142,"date":"2014-10-07T13:53:26","date_gmt":"2014-10-07T13:53:26","guid":{"rendered":"http:\/\/reportaze.airplanephoto.net\/?page_id=142"},"modified":"2017-10-08T08:01:54","modified_gmt":"2017-10-08T07:01:54","slug":"dulezite-informace","status":"publish","type":"page","link":"https:\/\/reportaze.airplanephoto.net\/?page_id=142","title":{"rendered":"D\u016fle\u017eit\u00e9 informace"},"content":{"rendered":"<p><strong><a href=\"http:\/\/reportaze.airplanephoto.net\/?page_id=819\">Pravidla pro psan\u00ed p\u0159\u00edsp\u011bvk\u016f<\/a><\/strong><\/p>\n<p>&nbsp;<\/p>\n","protected":false},"excerpt":{"rendered":"<p>Pravidla pro psan\u00ed p\u0159\u00edsp\u011bvk\u016f &nbsp;<\/p>\n","protected":false},"author":1,"featured_media":0,"parent":0,"menu_order":7,"comment_status":"closed","ping_status":"closed","template":"","meta":{"ngg_post_thumbnail":0},"_links":{"self":[{"href":"https:\/\/reportaze.airplanephoto.net\/index.php?rest_route=\/wp\/v2\/pages\/142"}],"collection":[{"href":"https:\/\/reportaze.airplanephoto.net\/index.php?rest_route=\/wp\/v2\/pages"}],"about":[{"href":"https:\/\/reportaze.airplanephoto.net\/index.php?rest_route=\/wp\/v2\/types\/page"}],"author":[{"embeddable":true,"href":"https:\/\/reportaze.airplanephoto.net\/index.php?rest_route=\/wp\/v2\/users\/1"}],"replies":[{"embeddable":true,"href":"https:\/\/reportaze.airplanephoto.net\/index.php?rest_route=%2Fwp%2Fv2%2Fcomments&post=142"}],"version-history":[{"count":14,"href":"https:\/\/reportaze.airplanephoto.net\/index.php?rest_route=\/wp\/v2\/pages\/142\/revisions"}],"predecessor-version":[{"id":209,"href":"https:\/\/reportaze.airplanephoto.net\/index.php?rest_route=\/wp\/v2\/pages\/142\/revisions\/209"}],"wp:attachment":[{"href":"https:\/\/reportaze.airplanephoto.net\/index.php?rest_route=%2Fwp%2Fv2%2Fmedia&parent=142"}],"curies":[{"name":"wp","href":"https:\/\/api.w.org\/{rel}","templated":true}]}}