{"id":145,"date":"2014-10-07T14:08:45","date_gmt":"2014-10-07T14:08:45","guid":{"rendered":"http:\/\/reportaze.airplanephoto.net\/?page_id=145"},"modified":"2017-10-08T08:03:18","modified_gmt":"2017-10-08T07:03:18","slug":"redakcni-rada","status":"publish","type":"page","link":"https:\/\/reportaze.airplanephoto.net\/?page_id=145","title":{"rendered":"Redak\u010dn\u00ed rada"},"content":{"rendered":"<p><strong><span style=\"text-decoration: underline;\">Jm\u00e9no<\/span>&nbsp;&nbsp;&nbsp;&nbsp;&nbsp;&nbsp;&nbsp;&nbsp;&nbsp;&nbsp;&nbsp;&nbsp;&nbsp;&nbsp;&nbsp;&nbsp;&nbsp;&nbsp;&nbsp;&nbsp; &nbsp; &nbsp; &nbsp; &nbsp;&nbsp; &nbsp; &nbsp; &nbsp;&nbsp;<span style=\"text-decoration: underline;\"> Opr\u00e1vn\u011bn\u00ed<\/span><\/strong><\/p>\n<p><span style=\"color: #003366;\"><span style=\"color: #333399;\"> Petr &#8218;DeSnek&#8216; Pastera<\/span>&nbsp;&nbsp;&nbsp;&nbsp;&nbsp;<span style=\"color: #333333;\">&nbsp;&nbsp;&nbsp;&nbsp; Odborn\u00fd poradce, admin<\/span><br \/>\n<\/span><\/p>\n<p><span style=\"color: #333399;\">Jirka L\u00e1tal&nbsp;<\/span>&nbsp;&nbsp;&nbsp;&nbsp;&nbsp;&nbsp;&nbsp;&nbsp;&nbsp;&nbsp; &nbsp; &nbsp; &nbsp; &nbsp; &nbsp; &nbsp;&nbsp;&nbsp; &nbsp; <em>&nbsp; Admin<\/em><\/p>\n<p>U\u017eivatel s pr\u00e1vy administr\u00e1tora&nbsp; m\u016f\u017ee prov\u00e1d\u011bt jak\u00e9koliv z\u00e1sahy na webu<\/p>\n<p>\u0160\u00e9fredaktor m\u016f\u017ee ps\u00e1t a tvo\u0159it vlastn\u00ed \u010dl\u00e1nky a ty editovat a publikovat. D\u00e1le m\u016f\u017ee editovat, mazat, povolovat k publikaci \u010dl\u00e1nky ostatn\u00ed autor\u016f, povolovat koment\u00e1\u0159e<\/p>\n<p>&nbsp;<\/p>\n","protected":false},"excerpt":{"rendered":"<p>Jm\u00e9no&nbsp;&nbsp;&nbsp;&nbsp;&nbsp;&nbsp;&nbsp;&nbsp;&nbsp;&nbsp;&nbsp;&nbsp;&nbsp;&nbsp;&nbsp;&nbsp;&nbsp;&nbsp;&nbsp;&nbsp; &nbsp; &nbsp; &nbsp; &nbsp;&nbsp; &nbsp; &nbsp; &nbsp;&nbsp; Opr\u00e1vn\u011bn\u00ed Petr &#8218;DeSnek&#8216; Pastera&nbsp;&nbsp;&nbsp;&nbsp;&nbsp;&nbsp;&nbsp;&nbsp;&nbsp; Odborn\u00fd poradce, admin Jirka L\u00e1tal&nbsp;&nbsp;&nbsp;&nbsp;&nbsp;&nbsp;&nbsp;&nbsp;&nbsp;&nbsp;&nbsp; &nbsp; &nbsp; &nbsp; &nbsp; &nbsp; &nbsp;&nbsp;&nbsp; &nbsp; &nbsp; Admin U\u017eivatel s pr\u00e1vy administr\u00e1tora&nbsp; m\u016f\u017ee prov\u00e1d\u011bt jak\u00e9koliv z\u00e1sahy na webu \u0160\u00e9fredaktor m\u016f\u017ee ps\u00e1t a &hellip; <a href=\"https:\/\/reportaze.airplanephoto.net\/?page_id=145\">Cel\u00fd p\u0159\u00edsp\u011bvek <span class=\"meta-nav\">&rarr;<\/span><\/a><\/p>\n","protected":false},"author":1,"featured_media":0,"parent":0,"menu_order":3,"comment_status":"closed","ping_status":"closed","template":"","meta":{"ngg_post_thumbnail":0},"_links":{"self":[{"href":"https:\/\/reportaze.airplanephoto.net\/index.php?rest_route=\/wp\/v2\/pages\/145"}],"collection":[{"href":"https:\/\/reportaze.airplanephoto.net\/index.php?rest_route=\/wp\/v2\/pages"}],"about":[{"href":"https:\/\/reportaze.airplanephoto.net\/index.php?rest_route=\/wp\/v2\/types\/page"}],"author":[{"embeddable":true,"href":"https:\/\/reportaze.airplanephoto.net\/index.php?rest_route=\/wp\/v2\/users\/1"}],"replies":[{"embeddable":true,"href":"https:\/\/reportaze.airplanephoto.net\/index.php?rest_route=%2Fwp%2Fv2%2Fcomments&post=145"}],"version-history":[{"count":12,"href":"https:\/\/reportaze.airplanephoto.net\/index.php?rest_route=\/wp\/v2\/pages\/145\/revisions"}],"predecessor-version":[{"id":2193,"href":"https:\/\/reportaze.airplanephoto.net\/index.php?rest_route=\/wp\/v2\/pages\/145\/revisions\/2193"}],"wp:attachment":[{"href":"https:\/\/reportaze.airplanephoto.net\/index.php?rest_route=%2Fwp%2Fv2%2Fmedia&parent=145"}],"curies":[{"name":"wp","href":"https:\/\/api.w.org\/{rel}","templated":true}]}}