{"id":1801,"date":"2016-03-25T19:52:44","date_gmt":"2016-03-25T18:52:44","guid":{"rendered":"http:\/\/reportaze.airplanephoto.net\/?page_id=1801"},"modified":"2020-01-04T17:56:05","modified_gmt":"2020-01-04T16:56:05","slug":"jak-se-zapojit-do-tvorby-stranek","status":"publish","type":"page","link":"https:\/\/reportaze.airplanephoto.net\/?page_id=1801","title":{"rendered":"Jak se zapojit do  tvorby str\u00e1nek"},"content":{"rendered":"<p>Z\u00e1jemci o&nbsp; spolupr\u00e1ci se mohou p\u0159ihl\u00e1sit na mail <strong><a href=\"mailto:info@airplanephoto.net?subject=Registrace%20pro%20publikov%C3%A1n%C3%AD\">webu<\/a> . <\/strong>Do mailu uve\u010fte jm\u00e9no \u010di p\u0159ezd\u00edvku, kterou se budete p\u0159ihla\u0161ovat k \u00fa\u010dtu, p\u0159ihla\u0161ovac\u00ed jm\u00e9no ji\u017e nep\u016fjde zm\u011bnit. Nepou\u017e\u00edvajte diakritiku a mezery, jen p\u00edsmena a \u010d\u00edsla. Pokud si jm\u00e9no pro p\u0159ihl\u00e1\u0161en\u00ed nezvol\u00edte, bude v\u00e1m p\u0159id\u011bleno. Po prvn\u00edm p\u0159ihl\u00e1\u0161en\u00ed&nbsp; si potom dopl\u0148te v profilu jm\u00e9no, p\u0159\u00edjmen\u00ed (povinn\u011b), p\u0159\u00edpadn\u011b dal\u0161\u00ed \u00fadaje (podle sv\u00e9ho uv\u00e1\u017een\u00ed) a zm\u011b\u0148te heslo (d\u016fle\u017eit\u00e9). N\u00e1vod v pdf jak upravit \u00fadaje ve vytvo\u0159en\u00e9m profilu u\u017eivatele a jak postupovat p\u0159i tvorb\u011b jednotliv\u00fdch p\u0159\u00edsp\u011bvk\u016f bude zasl\u00e1n e-mailem na adresu zadanou p\u0159i registraci. P\u0159i p\u0159ihl\u00e1\u0161en\u00ed&nbsp; je d\u016fle\u017eit\u00e9&nbsp; dodr\u017eet i to, zda jste v hesle \u010di jm\u00e9n\u011b&nbsp; pou\u017eili mal\u00e1 \u010di velk\u00e1 p\u00edsmena.<strong><br><\/strong><\/p>\n\n\n<p><\/p>\n","protected":false},"excerpt":{"rendered":"<p>Z\u00e1jemci o&nbsp; spolupr\u00e1ci se mohou p\u0159ihl\u00e1sit na mail webu . Do mailu uve\u010fte jm\u00e9no \u010di p\u0159ezd\u00edvku, kterou se budete p\u0159ihla\u0161ovat k \u00fa\u010dtu, p\u0159ihla\u0161ovac\u00ed jm\u00e9no ji\u017e nep\u016fjde zm\u011bnit. Nepou\u017e\u00edvajte diakritiku a mezery, jen p\u00edsmena a \u010d\u00edsla. Pokud si jm\u00e9no pro p\u0159ihl\u00e1\u0161en\u00ed &hellip; <a href=\"https:\/\/reportaze.airplanephoto.net\/?page_id=1801\">Cel\u00fd p\u0159\u00edsp\u011bvek <span class=\"meta-nav\">&rarr;<\/span><\/a><\/p>\n","protected":false},"author":1,"featured_media":0,"parent":142,"menu_order":0,"comment_status":"closed","ping_status":"closed","template":"","meta":{"ngg_post_thumbnail":0},"_links":{"self":[{"href":"https:\/\/reportaze.airplanephoto.net\/index.php?rest_route=\/wp\/v2\/pages\/1801"}],"collection":[{"href":"https:\/\/reportaze.airplanephoto.net\/index.php?rest_route=\/wp\/v2\/pages"}],"about":[{"href":"https:\/\/reportaze.airplanephoto.net\/index.php?rest_route=\/wp\/v2\/types\/page"}],"author":[{"embeddable":true,"href":"https:\/\/reportaze.airplanephoto.net\/index.php?rest_route=\/wp\/v2\/users\/1"}],"replies":[{"embeddable":true,"href":"https:\/\/reportaze.airplanephoto.net\/index.php?rest_route=%2Fwp%2Fv2%2Fcomments&post=1801"}],"version-history":[{"count":3,"href":"https:\/\/reportaze.airplanephoto.net\/index.php?rest_route=\/wp\/v2\/pages\/1801\/revisions"}],"predecessor-version":[{"id":2258,"href":"https:\/\/reportaze.airplanephoto.net\/index.php?rest_route=\/wp\/v2\/pages\/1801\/revisions\/2258"}],"up":[{"embeddable":true,"href":"https:\/\/reportaze.airplanephoto.net\/index.php?rest_route=\/wp\/v2\/pages\/142"}],"wp:attachment":[{"href":"https:\/\/reportaze.airplanephoto.net\/index.php?rest_route=%2Fwp%2Fv2%2Fmedia&parent=1801"}],"curies":[{"name":"wp","href":"https:\/\/api.w.org\/{rel}","templated":true}]}}