{"id":2201,"date":"2018-09-02T15:02:19","date_gmt":"2018-09-02T14:02:19","guid":{"rendered":"https:\/\/reportaze.airplanephoto.net\/?page_id=2201"},"modified":"2018-11-05T18:08:26","modified_gmt":"2018-11-05T17:08:26","slug":"uniklo-z-amk","status":"publish","type":"page","link":"https:\/\/reportaze.airplanephoto.net\/?page_id=2201","title":{"rendered":"Uniklo z AMK a Annetry"},"content":{"rendered":"<p>Zde budou k m\u00e1n\u00ed r\u016fzn\u00e9 informace z pr\u016fb\u011bhu prac\u00ed na modelech firmy Avantgarde Model Kits z Macaa a firmy Annetra, kter\u00e1 chyst\u00e1 model Mi-17 v m\u011b\u0159\u00edtku 1\/48.<\/p>\n<p>5.11.2018<\/p>\n<p>Dal\u0161\u00ed fotky testovac\u00edch v\u00fdlisk\u016f, tentokr\u00e1t&nbsp; z prvn\u00ed zkou\u0161ky dal\u0161\u00ed formy<\/p>\n<!-- index.php -->\n<div\n\tclass=\"ngg-galleryoverview ngg-ajax-pagination-none\"\n\tid=\"ngg-gallery-ef7c5946300cc22df5892588cd178a87-1\">\n\n    \t<div class=\"slideshowlink\">\n        <a href='https:\/\/reportaze.airplanephoto.net\/index.php\/nggallery\/slideshow?page_id=2201'>[P\u0159ehr\u00e1t]<\/a>\n\t\t\n\t<\/div>\n\t\t\t<!-- Thumbnails -->\n\t\t\t\t<div id=\"ngg-image-0\" class=\"ngg-gallery-thumbnail-box\" >\n\t\t\t\t        <div class=\"ngg-gallery-thumbnail\">\n            <a href=\"https:\/\/reportaze.airplanephoto.net\/wp-content\/gallery\/mi-17-2\/mmexport1541435629945.jpg\"\n               title=\"\"\n               data-src=\"https:\/\/reportaze.airplanephoto.net\/wp-content\/gallery\/mi-17-2\/mmexport1541435629945.jpg\"\n               data-thumbnail=\"https:\/\/reportaze.airplanephoto.net\/wp-content\/gallery\/mi-17-2\/thumbs\/thumbs_mmexport1541435629945.jpg\"\n               data-image-id=\"615\"\n               data-title=\"mmexport1541435629945\"\n               data-description=\"\"\n               data-image-slug=\"mmexport1541435629945\"\n               class=\"ngg-fancybox\" rel=\"ef7c5946300cc22df5892588cd178a87\">\n                <img\n                    title=\"mmexport1541435629945\"\n                    alt=\"mmexport1541435629945\"\n                    src=\"https:\/\/reportaze.airplanephoto.net\/wp-content\/gallery\/mi-17-2\/thumbs\/thumbs_mmexport1541435629945.jpg\"\n                    width=\"68\"\n                    height=\"120\"\n                    style=\"max-width:100%;\"\n                \/>\n            <\/a>\n        <\/div>\n\t\t\t\t\t\t\t<\/div> \n\t\t\t\n        \n\t\t\t\t<div id=\"ngg-image-1\" class=\"ngg-gallery-thumbnail-box\" >\n\t\t\t\t        <div class=\"ngg-gallery-thumbnail\">\n            <a href=\"https:\/\/reportaze.airplanephoto.net\/wp-content\/gallery\/mi-17-2\/mmexport1541435646510.jpg\"\n               title=\"\"\n               data-src=\"https:\/\/reportaze.airplanephoto.net\/wp-content\/gallery\/mi-17-2\/mmexport1541435646510.jpg\"\n               data-thumbnail=\"https:\/\/reportaze.airplanephoto.net\/wp-content\/gallery\/mi-17-2\/thumbs\/thumbs_mmexport1541435646510.jpg\"\n               data-image-id=\"617\"\n               data-title=\"mmexport1541435646510\"\n               data-description=\"\"\n               data-image-slug=\"mmexport1541435646510\"\n               class=\"ngg-fancybox\" rel=\"ef7c5946300cc22df5892588cd178a87\">\n                <img\n                    title=\"mmexport1541435646510\"\n                    alt=\"mmexport1541435646510\"\n                    src=\"https:\/\/reportaze.airplanephoto.net\/wp-content\/gallery\/mi-17-2\/thumbs\/thumbs_mmexport1541435646510.jpg\"\n                    width=\"68\"\n                    height=\"120\"\n                    style=\"max-width:100%;\"\n                \/>\n            <\/a>\n        <\/div>\n\t\t\t\t\t\t\t<\/div> \n\t\t\t\n        \n\t\t\n\t\t<!-- Pagination -->\n\t<div class='ngg-clear'><\/div>\t<\/div>\n\n<p>1.11.2018<\/p>\n<p>Objevily se prvn\u00ed sn\u00edmky v\u00fdlisk\u016f na Mi-17. Jedn\u00e1 se o fotky ze zkou\u0161ek r\u00e1me\u010dku s drobn\u00fdmi d\u00edly<\/p>\n<!-- index.php -->\n<div\n\tclass=\"ngg-galleryoverview ngg-ajax-pagination-none\"\n\tid=\"ngg-gallery-683230120b867889d326f467304af464-1\">\n\n    \t<div class=\"slideshowlink\">\n        <a href='https:\/\/reportaze.airplanephoto.net\/index.php\/nggallery\/slideshow?page_id=2201'>&#091;P\u0159ehr\u00e1t&#093;<\/a>\n\t\t\n\t<\/div>\n\t\t\t<!-- Thumbnails -->\n\t\t\t\t<div id=\"ngg-image-0\" class=\"ngg-gallery-thumbnail-box\" >\n\t\t\t\t        <div class=\"ngg-gallery-thumbnail\">\n            <a href=\"https:\/\/reportaze.airplanephoto.net\/wp-content\/gallery\/mi-17_poprve\/WeChat-Image_20181101170407.jpg\"\n               title=\"\"\n               data-src=\"https:\/\/reportaze.airplanephoto.net\/wp-content\/gallery\/mi-17_poprve\/WeChat-Image_20181101170407.jpg\"\n               data-thumbnail=\"https:\/\/reportaze.airplanephoto.net\/wp-content\/gallery\/mi-17_poprve\/thumbs\/thumbs_WeChat-Image_20181101170407.jpg\"\n               data-image-id=\"613\"\n               data-title=\"WeChat Image_20181101170407\"\n               data-description=\"\"\n               data-image-slug=\"wechat-image_20181101170407\"\n               class=\"ngg-fancybox\" rel=\"683230120b867889d326f467304af464\">\n                <img\n                    title=\"WeChat Image_20181101170407\"\n                    alt=\"WeChat Image_20181101170407\"\n                    src=\"https:\/\/reportaze.airplanephoto.net\/wp-content\/gallery\/mi-17_poprve\/thumbs\/thumbs_WeChat-Image_20181101170407.jpg\"\n                    width=\"68\"\n                    height=\"120\"\n                    style=\"max-width:100%;\"\n                \/>\n            <\/a>\n        <\/div>\n\t\t\t\t\t\t\t<\/div> \n\t\t\t\n        \n\t\t\t\t<div id=\"ngg-image-1\" class=\"ngg-gallery-thumbnail-box\" >\n\t\t\t\t        <div class=\"ngg-gallery-thumbnail\">\n            <a href=\"https:\/\/reportaze.airplanephoto.net\/wp-content\/gallery\/mi-17_poprve\/WeChat-Image_20181101170515.jpg\"\n               title=\"\"\n               data-src=\"https:\/\/reportaze.airplanephoto.net\/wp-content\/gallery\/mi-17_poprve\/WeChat-Image_20181101170515.jpg\"\n               data-thumbnail=\"https:\/\/reportaze.airplanephoto.net\/wp-content\/gallery\/mi-17_poprve\/thumbs\/thumbs_WeChat-Image_20181101170515.jpg\"\n               data-image-id=\"614\"\n               data-title=\"WeChat Image_20181101170515\"\n               data-description=\"\"\n               data-image-slug=\"wechat-image_20181101170515\"\n               class=\"ngg-fancybox\" rel=\"683230120b867889d326f467304af464\">\n                <img\n                    title=\"WeChat Image_20181101170515\"\n                    alt=\"WeChat Image_20181101170515\"\n                    src=\"https:\/\/reportaze.airplanephoto.net\/wp-content\/gallery\/mi-17_poprve\/thumbs\/thumbs_WeChat-Image_20181101170515.jpg\"\n                    width=\"120\"\n                    height=\"90\"\n                    style=\"max-width:100%;\"\n                \/>\n            <\/a>\n        <\/div>\n\t\t\t\t\t\t\t<\/div> \n\t\t\t\n        \n\t\t\n\t\t<!-- Pagination -->\n\t<div class='ngg-clear'><\/div>\t<\/div>\n\n<p>12.9.2018<\/p>\n<p>Aktu\u00e1ln\u011b se v AMK fini\u0161uje s &#8222;Kocourem&#8220; F-14D Tomcat a posledn\u00ed novinka, kter\u00e1 byla uvoln\u011bna pro ve\u0159ejnou prezentaci, je n\u00e1hled t\u0159\u00ed ar\u0161\u00edk\u016f obtisk\u016f, jen\u017e bude stavebnice obsahovat<\/p>\n<!-- index.php -->\n<div\n\tclass=\"ngg-galleryoverview ngg-ajax-pagination-none\"\n\tid=\"ngg-gallery-39581073dae431abffd921b5678172f0-1\">\n\n    \t<div class=\"slideshowlink\">\n        <a href='https:\/\/reportaze.airplanephoto.net\/index.php\/nggallery\/slideshow?page_id=2201'>&#091;P\u0159ehr\u00e1t&#093;<\/a>\n\t\t\n\t<\/div>\n\t\t\t<!-- Thumbnails -->\n\t\t\t\t<div id=\"ngg-image-0\" class=\"ngg-gallery-thumbnail-box\" >\n\t\t\t\t        <div class=\"ngg-gallery-thumbnail\">\n            <a href=\"https:\/\/reportaze.airplanephoto.net\/wp-content\/gallery\/f-14d_decals\/88A005-23-Decal-Sheet-A-180831.jpg\"\n               title=\"\"\n               data-src=\"https:\/\/reportaze.airplanephoto.net\/wp-content\/gallery\/f-14d_decals\/88A005-23-Decal-Sheet-A-180831.jpg\"\n               data-thumbnail=\"https:\/\/reportaze.airplanephoto.net\/wp-content\/gallery\/f-14d_decals\/thumbs\/thumbs_88A005-23-Decal-Sheet-A-180831.jpg\"\n               data-image-id=\"608\"\n               data-title=\"88A005-23-Decal-Sheet A-180831\"\n               data-description=\"\"\n               data-image-slug=\"88a005-23-decal-sheet-a-180831\"\n               class=\"ngg-fancybox\" rel=\"39581073dae431abffd921b5678172f0\">\n                <img\n                    title=\"88A005-23-Decal-Sheet A-180831\"\n                    alt=\"88A005-23-Decal-Sheet A-180831\"\n                    src=\"https:\/\/reportaze.airplanephoto.net\/wp-content\/gallery\/f-14d_decals\/thumbs\/thumbs_88A005-23-Decal-Sheet-A-180831.jpg\"\n                    width=\"120\"\n                    height=\"120\"\n                    style=\"max-width:100%;\"\n                \/>\n            <\/a>\n        <\/div>\n\t\t\t\t\t\t\t<\/div> \n\t\t\t\n        \n\t\t\t\t<div id=\"ngg-image-1\" class=\"ngg-gallery-thumbnail-box\" >\n\t\t\t\t        <div class=\"ngg-gallery-thumbnail\">\n            <a href=\"https:\/\/reportaze.airplanephoto.net\/wp-content\/gallery\/f-14d_decals\/88A005-24-Decal-Sheet-B-180831.jpg\"\n               title=\"\"\n               data-src=\"https:\/\/reportaze.airplanephoto.net\/wp-content\/gallery\/f-14d_decals\/88A005-24-Decal-Sheet-B-180831.jpg\"\n               data-thumbnail=\"https:\/\/reportaze.airplanephoto.net\/wp-content\/gallery\/f-14d_decals\/thumbs\/thumbs_88A005-24-Decal-Sheet-B-180831.jpg\"\n               data-image-id=\"609\"\n               data-title=\"88A005-24-Decal-Sheet B-180831\"\n               data-description=\"\"\n               data-image-slug=\"88a005-24-decal-sheet-b-180831\"\n               class=\"ngg-fancybox\" rel=\"39581073dae431abffd921b5678172f0\">\n                <img\n                    title=\"88A005-24-Decal-Sheet B-180831\"\n                    alt=\"88A005-24-Decal-Sheet B-180831\"\n                    src=\"https:\/\/reportaze.airplanephoto.net\/wp-content\/gallery\/f-14d_decals\/thumbs\/thumbs_88A005-24-Decal-Sheet-B-180831.jpg\"\n                    width=\"84\"\n                    height=\"120\"\n                    style=\"max-width:100%;\"\n                \/>\n            <\/a>\n        <\/div>\n\t\t\t\t\t\t\t<\/div> \n\t\t\t\n        \n\t\t\t\t<div id=\"ngg-image-2\" class=\"ngg-gallery-thumbnail-box\" >\n\t\t\t\t        <div class=\"ngg-gallery-thumbnail\">\n            <a href=\"https:\/\/reportaze.airplanephoto.net\/wp-content\/gallery\/f-14d_decals\/88A005-25-Decal-Sheet-C-180831.jpg\"\n               title=\"\"\n               data-src=\"https:\/\/reportaze.airplanephoto.net\/wp-content\/gallery\/f-14d_decals\/88A005-25-Decal-Sheet-C-180831.jpg\"\n               data-thumbnail=\"https:\/\/reportaze.airplanephoto.net\/wp-content\/gallery\/f-14d_decals\/thumbs\/thumbs_88A005-25-Decal-Sheet-C-180831.jpg\"\n               data-image-id=\"610\"\n               data-title=\"88A005-25-Decal-Sheet C-180831\"\n               data-description=\"\"\n               data-image-slug=\"88a005-25-decal-sheet-c-180831\"\n               class=\"ngg-fancybox\" rel=\"39581073dae431abffd921b5678172f0\">\n                <img\n                    title=\"88A005-25-Decal-Sheet C-180831\"\n                    alt=\"88A005-25-Decal-Sheet C-180831\"\n                    src=\"https:\/\/reportaze.airplanephoto.net\/wp-content\/gallery\/f-14d_decals\/thumbs\/thumbs_88A005-25-Decal-Sheet-C-180831.jpg\"\n                    width=\"89\"\n                    height=\"120\"\n                    style=\"max-width:100%;\"\n                \/>\n            <\/a>\n        <\/div>\n\t\t\t\t\t\t\t<\/div> \n\t\t\t\n        \n\t\t\n\t\t<!-- Pagination -->\n\t<div class='ngg-clear'><\/div>\t<\/div>\n\n","protected":false},"excerpt":{"rendered":"<p>Zde budou k m\u00e1n\u00ed r\u016fzn\u00e9 informace z pr\u016fb\u011bhu prac\u00ed na modelech firmy Avantgarde Model Kits z Macaa a firmy Annetra, kter\u00e1 chyst\u00e1 model Mi-17 v m\u011b\u0159\u00edtku 1\/48. 5.11.2018 Dal\u0161\u00ed fotky testovac\u00edch v\u00fdlisk\u016f, tentokr\u00e1t&nbsp; z prvn\u00ed zkou\u0161ky dal\u0161\u00ed formy 1.11.2018 Objevily &hellip; <a href=\"https:\/\/reportaze.airplanephoto.net\/?page_id=2201\">Cel\u00fd p\u0159\u00edsp\u011bvek <span class=\"meta-nav\">&rarr;<\/span><\/a><\/p>\n","protected":false},"author":1,"featured_media":0,"parent":0,"menu_order":0,"comment_status":"open","ping_status":"closed","template":"","meta":{"ngg_post_thumbnail":0},"_links":{"self":[{"href":"https:\/\/reportaze.airplanephoto.net\/index.php?rest_route=\/wp\/v2\/pages\/2201"}],"collection":[{"href":"https:\/\/reportaze.airplanephoto.net\/index.php?rest_route=\/wp\/v2\/pages"}],"about":[{"href":"https:\/\/reportaze.airplanephoto.net\/index.php?rest_route=\/wp\/v2\/types\/page"}],"author":[{"embeddable":true,"href":"https:\/\/reportaze.airplanephoto.net\/index.php?rest_route=\/wp\/v2\/users\/1"}],"replies":[{"embeddable":true,"href":"https:\/\/reportaze.airplanephoto.net\/index.php?rest_route=%2Fwp%2Fv2%2Fcomments&post=2201"}],"version-history":[{"count":9,"href":"https:\/\/reportaze.airplanephoto.net\/index.php?rest_route=\/wp\/v2\/pages\/2201\/revisions"}],"predecessor-version":[{"id":2239,"href":"https:\/\/reportaze.airplanephoto.net\/index.php?rest_route=\/wp\/v2\/pages\/2201\/revisions\/2239"}],"wp:attachment":[{"href":"https:\/\/reportaze.airplanephoto.net\/index.php?rest_route=%2Fwp%2Fv2%2Fmedia&parent=2201"}],"curies":[{"name":"wp","href":"https:\/\/api.w.org\/{rel}","templated":true}]}}