{"id":819,"date":"2015-02-22T11:55:39","date_gmt":"2015-02-22T11:55:39","guid":{"rendered":"http:\/\/reportaze.airplanephoto.net\/?page_id=819"},"modified":"2015-02-22T12:02:18","modified_gmt":"2015-02-22T12:02:18","slug":"pravidla-pro-psani-prispevku","status":"publish","type":"page","link":"https:\/\/reportaze.airplanephoto.net\/?page_id=819","title":{"rendered":"Pravidla pro psan\u00ed p\u0159\u00edsp\u011bvk\u016f"},"content":{"rendered":"<p>P\u0159i psan\u00ed p\u0159\u00edsp\u011bvk\u016f, pros\u00edm, dodr\u017eujte tato z\u00e1kladn\u00ed pravidla:<!--more--><\/p>\n<p>&nbsp;<\/p>\n<ul>\n<li>To, \u017ee jste z\u00edskali registrac\u00ed mo\u017enost ps\u00e1t p\u0159\u00edsp\u011bvky neznamen\u00e1, \u017ee mus\u00edte n\u011bco \u00a0 \u00a0 \u00a0 vytvo\u0159it za ka\u017edou cenu. Je zbyte\u010dn\u00e9 tvo\u0159it p\u0159\u00edsp\u011bvky o n\u011b\u010dem, co ji\u017e odv\u00e1l \u010das a nen\u00ed aktu\u00e1ln\u00ed, nap\u0159. o klubov\u00e9 sch\u016fzi z\u00a0doby p\u0159ed p\u016fl rokem nebo jen tak na zkou\u0161ku.<\/li>\n<li>Ne\u017e vypot\u00edte sv\u016fj prvn\u00ed p\u0159\u00edsp\u011bvek a nejste zb\u011bhl\u00ed v\u00a0pou\u017e\u00edv\u00e1n\u00ed WordPressu, pozorn\u011b si n\u011bkolikr\u00e1t pro\u010dt\u011bte n\u00e1vod, kter\u00fd v\u00e1m byl zasl\u00e1n p\u0159i registraci a \u0159i\u010fte se j\u00edm. Tvorbu p\u0159\u00edsp\u011bvku ve WordPressu zvl\u00e1dne ka\u017ed\u00fd b\u011b\u017en\u00fd u\u017eivatel po\u010d\u00edta\u010de, kter\u00fd um\u00ed napsat text ve Wordu \u010di jin\u00e9m podobn\u00e9m textov\u00e9m editoru a um\u00ed p\u0159i pr\u00e1ci p\u0159em\u00fd\u0161let<\/li>\n<li>Nem\u016f\u017eete za\u010d\u00edt tvo\u0159it p\u0159\u00edsp\u011bvek od prost\u0159edku, samostatn\u011b vytvo\u0159en\u00e1 fotogalerie bez p\u0159\u00edsp\u011bvku, kter\u00fd se k\u00a0n\u00ed vztahuje a jejich vz\u00e1jemn\u00e9ho propojen\u00ed, je k\u00a0ni\u010demu, nikdo ji neuvid\u00ed<\/li>\n<li>Nep\u0159id\u00e1vejte fotografie do galeri\u00ed jin\u00fdch autor\u016f, znehodnot\u00edte t\u00edm jejich p\u0159\u00edsp\u011bvky<\/li>\n<li>Pokud si nejste n\u011b\u010d\u00edm jisti, jak to ud\u011blat, zeptejte se<\/li>\n<li>Administr\u00e1to\u0159i\u00a0 a \u0161\u00e9fredakto\u0159i tady nejsou od toho, aby va\u0161e p\u0159\u00edsp\u011bvky p\u0159ed\u011bl\u00e1vali \u010di tvo\u0159ili od nuly a likvidovali \u0161kody, kter\u00e9 nap\u00e1ch\u00e1te nedodr\u017een\u00edm pravidel \u00a0 \u00a0 \u00a0 uveden\u00fdch v\u00a0n\u00e1vodu \u010di\u00a0 zde. Jejich pr\u00e1ce je ve zkontrolov\u00e1n\u00ed textu, opraven\u00ed p\u0159\u00edpadn\u00fdch p\u0159eklep\u016f \u010di chyb, spr\u00e1vn\u00e9ho za\u0159azen\u00ed do rubriky, p\u0159id\u00e1n\u00ed opomenut\u00e9 zna\u010dky pro rozd\u011blen\u00ed textu a povolen\u00ed ke zve\u0159ejn\u011bn\u00ed, p\u0159\u00edpadn\u011b k\u00a0napl\u00e1nov\u00e1n\u00ed data zve\u0159ejn\u011bn\u00ed, bude-li to pro dan\u00fd p\u0159\u00edsp\u011bvek vhodn\u00e9 (t\u0159eba s\u00a0p\u0159edstihem napsan\u00fd \u010dl\u00e1nek k\u00a0n\u011bjak\u00e9mu v\u00fdro\u010d\u00ed\u2026)<\/li>\n<li>Pi\u0161te slu\u0161n\u011b, bez osobn\u00edch \u00fatok\u016f a vulgarit<\/li>\n<li>Nedodr\u017een\u00ed t\u011bchto pravidel m\u016f\u017ee v\u00e9st k\u00a0omezen\u00ed opr\u00e1vn\u011bn\u00ed k\u00a0publikaci a\u017e v\u00a0nejzaz\u0161\u00edm p\u0159\u00edpad\u011b ke zru\u0161en\u00ed registrace (bu\u010f na ur\u010ditou dobu nebo i natrvalo)<\/li>\n<\/ul>\n","protected":false},"excerpt":{"rendered":"<p>P\u0159i psan\u00ed p\u0159\u00edsp\u011bvk\u016f, pros\u00edm, dodr\u017eujte tato z\u00e1kladn\u00ed pravidla:<\/p>\n","protected":false},"author":1,"featured_media":0,"parent":142,"menu_order":0,"comment_status":"closed","ping_status":"closed","template":"","meta":{"ngg_post_thumbnail":0},"_links":{"self":[{"href":"https:\/\/reportaze.airplanephoto.net\/index.php?rest_route=\/wp\/v2\/pages\/819"}],"collection":[{"href":"https:\/\/reportaze.airplanephoto.net\/index.php?rest_route=\/wp\/v2\/pages"}],"about":[{"href":"https:\/\/reportaze.airplanephoto.net\/index.php?rest_route=\/wp\/v2\/types\/page"}],"author":[{"embeddable":true,"href":"https:\/\/reportaze.airplanephoto.net\/index.php?rest_route=\/wp\/v2\/users\/1"}],"replies":[{"embeddable":true,"href":"https:\/\/reportaze.airplanephoto.net\/index.php?rest_route=%2Fwp%2Fv2%2Fcomments&post=819"}],"version-history":[{"count":1,"href":"https:\/\/reportaze.airplanephoto.net\/index.php?rest_route=\/wp\/v2\/pages\/819\/revisions"}],"predecessor-version":[{"id":820,"href":"https:\/\/reportaze.airplanephoto.net\/index.php?rest_route=\/wp\/v2\/pages\/819\/revisions\/820"}],"up":[{"embeddable":true,"href":"https:\/\/reportaze.airplanephoto.net\/index.php?rest_route=\/wp\/v2\/pages\/142"}],"wp:attachment":[{"href":"https:\/\/reportaze.airplanephoto.net\/index.php?rest_route=%2Fwp%2Fv2%2Fmedia&parent=819"}],"curies":[{"name":"wp","href":"https:\/\/api.w.org\/{rel}","templated":true}]}}